{"id":1913,"date":"2019-03-21T13:32:59","date_gmt":"2019-03-21T13:32:59","guid":{"rendered":"http:\/\/www.a2comlapte.com\/index.php\/contact-2\/"},"modified":"2023-08-07T15:18:16","modified_gmt":"2023-08-07T13:18:16","slug":"contact-2","status":"publish","type":"page","link":"https:\/\/www.a2comlapte.com\/index.php\/contact-2\/","title":{"rendered":"Contact"},"content":{"rendered":"\t\t<div data-elementor-type=\"wp-post\" data-elementor-id=\"1913\" class=\"elementor elementor-1913\">\n\t\t\t\t\t\t<section data-wpr-sticky-section=\"yes\" data-wpr-position-type=\"sticky\" data-wpr-position-offset=\"0\" data-wpr-position-location=\"top\" data-wpr-sticky-devices=\"desktop_sticky\" data-wpr-custom-breakpoints=\"default\" data-wpr-active-breakpoints=\"mobile_sticky tablet_sticky desktop_sticky\" data-wpr-z-index=\"10\" data-wpr-sticky-hide=\"\" data-wpr-replace-header=\"\" data-wpr-animation-duration=\"\" data-wpr-sticky-type=\"sticky\" class=\"elementor-section elementor-top-section elementor-element elementor-element-243a92a elementor-section-full_width wpr-sticky-section-yes elementor-section-height-default elementor-section-height-default wpr-particle-no wpr-equal-height-no\" data-id=\"243a92a\" data-element_type=\"section\" data-e-type=\"section\" data-settings=\"{&quot;background_background&quot;:&quot;classic&quot;,&quot;position_offset&quot;:0,&quot;position_offset_tablet&quot;:0,&quot;position_offset_mobile&quot;:0}\">\n\t\t\t\t\t\t<div class=\"elementor-container elementor-column-gap-default\">\n\t\t\t\t\t<div class=\"elementor-column elementor-col-100 elementor-top-column elementor-element elementor-element-0fbb532\" data-id=\"0fbb532\" data-element_type=\"column\" data-e-type=\"column\">\n\t\t\t<div class=\"elementor-widget-wrap elementor-element-populated\">\n\t\t\t\t\t\t<div class=\"elementor-element elementor-element-0e0e984 wpr-main-menu-align-center elementor-widget__width-inherit wpr-mobile-toggle-v2 wpr-main-menu-align--tabletleft wpr-main-menu-align--mobileleft wpr-pointer-underline wpr-pointer-line-fx wpr-pointer-fx-fade wpr-sub-icon-caret-down wpr-sub-menu-fx-fade wpr-nav-menu-bp-mobile wpr-mobile-menu-full-width wpr-mobile-menu-item-align-center wpr-sub-divider-yes wpr-mobile-divider-yes elementor-widget elementor-widget-wpr-nav-menu\" data-id=\"0e0e984\" data-element_type=\"widget\" data-e-type=\"widget\" data-settings=\"{&quot;menu_layout&quot;:&quot;horizontal&quot;}\" data-widget_type=\"wpr-nav-menu.default\">\n\t\t\t\t<div class=\"elementor-widget-container\">\n\t\t\t\t\t<nav class=\"wpr-nav-menu-container wpr-nav-menu-horizontal\" data-trigger=\"hover\" data-consider-header=\"\" data-scroll-speed=\"500\"><ul id=\"menu-1-0e0e984\" class=\"wpr-nav-menu\"><li class=\"menu-item menu-item-type-post_type menu-item-object-page menu-item-home menu-item-1991\"><a href=\"https:\/\/www.a2comlapte.com\/\" class=\"wpr-menu-item wpr-pointer-item menu-link\">Accueil<\/a><\/li>\n<li class=\"menu-item menu-item-type-post_type menu-item-object-page menu-item-1998\"><a href=\"https:\/\/www.a2comlapte.com\/index.php\/a-propos-a2com\/\" class=\"wpr-menu-item wpr-pointer-item menu-link\">Qui suis-je ?<\/a><\/li>\n<li class=\"menu-item menu-item-type-post_type menu-item-object-page menu-item-2043\"><a href=\"https:\/\/www.a2comlapte.com\/index.php\/tous-les-services-d-a2com\/\" class=\"wpr-menu-item wpr-pointer-item menu-link\">Tous les services<\/a><\/li>\n<li class=\"menu-item menu-item-type-post_type menu-item-object-page menu-item-has-children menu-item-3531\"><a aria-haspopup=\"true\" aria-expanded=\"false\" href=\"https:\/\/www.a2comlapte.com\/index.php\/realistations\/\" class=\"wpr-menu-item wpr-pointer-item\">R\u00e9alistations<i class=\"wpr-sub-icon fas\" aria-hidden=\"true\"><\/i><\/a>\n<ul class=\"sub-menu wpr-sub-menu\">\n\t<li class=\"menu-item menu-item-type-post_type menu-item-object-page menu-item-2392\"><a href=\"https:\/\/www.a2comlapte.com\/index.php\/logo\/\" class=\"wpr-sub-menu-item menu-link\">Logos<\/a><\/li>\n\t<li class=\"menu-item menu-item-type-post_type menu-item-object-page menu-item-2336\"><a href=\"https:\/\/www.a2comlapte.com\/index.php\/carte-de-visite\/\" class=\"wpr-sub-menu-item menu-link\">Carte de visite<\/a><\/li>\n\t<li class=\"menu-item menu-item-type-post_type menu-item-object-page menu-item-2423\"><a href=\"https:\/\/www.a2comlapte.com\/index.php\/affiches\/\" class=\"wpr-sub-menu-item menu-link\">Affiches<\/a><\/li>\n\t<li class=\"menu-item menu-item-type-post_type menu-item-object-page menu-item-2455\"><a href=\"https:\/\/www.a2comlapte.com\/index.php\/panneaux\/\" class=\"wpr-sub-menu-item menu-link\">Panneaux<\/a><\/li>\n\t<li class=\"menu-item menu-item-type-post_type menu-item-object-page menu-item-2355\"><a href=\"https:\/\/www.a2comlapte.com\/index.php\/flyers\/\" class=\"wpr-sub-menu-item menu-link\">Flyers<\/a><\/li>\n\t<li class=\"menu-item menu-item-type-post_type menu-item-object-page menu-item-2368\"><a href=\"https:\/\/www.a2comlapte.com\/index.php\/brochures\/\" class=\"wpr-sub-menu-item menu-link\">Brochures<\/a><\/li>\n\t<li class=\"menu-item menu-item-type-post_type menu-item-object-page menu-item-2379\"><a href=\"https:\/\/www.a2comlapte.com\/index.php\/textiles\/\" class=\"wpr-sub-menu-item menu-link\">Textiles<\/a><\/li>\n\t<li class=\"menu-item menu-item-type-post_type menu-item-object-page menu-item-2484\"><a href=\"https:\/\/www.a2comlapte.com\/index.php\/goodies\/\" class=\"wpr-sub-menu-item menu-link\">Objets Pub<\/a><\/li>\n\t<li class=\"menu-item menu-item-type-post_type menu-item-object-page menu-item-2475\"><a href=\"https:\/\/www.a2comlapte.com\/index.php\/marquage-de-vehicules\/\" class=\"wpr-sub-menu-item menu-link\">Marquage de v\u00e9hicules<\/a><\/li>\n<\/ul>\n<\/li>\n<li class=\"menu-item menu-item-type-post_type menu-item-object-page menu-item-2000\"><a href=\"https:\/\/www.a2comlapte.com\/index.php\/a2com-clients\/\" class=\"wpr-menu-item wpr-pointer-item menu-link\">Clients<\/a><\/li>\n<li class=\"menu-item menu-item-type-post_type menu-item-object-page menu-item-1999\"><a href=\"https:\/\/www.a2comlapte.com\/index.php\/contact-2\/\" class=\"wpr-menu-item wpr-pointer-item menu-link\">Contact<\/a><\/li>\n<\/ul><\/nav><nav class=\"wpr-mobile-nav-menu-container\"><div class=\"wpr-mobile-toggle-wrap\"><div class=\"wpr-mobile-toggle\"><span class=\"wpr-mobile-toggle-line\"><\/span><span class=\"wpr-mobile-toggle-line\"><\/span><span class=\"wpr-mobile-toggle-line\"><\/span><\/div><\/div><ul id=\"mobile-menu-2-0e0e984\" class=\"wpr-mobile-nav-menu\"><li class=\"menu-item menu-item-type-post_type menu-item-object-page menu-item-home menu-item-1991\"><a href=\"https:\/\/www.a2comlapte.com\/\" class=\"wpr-mobile-menu-item menu-link\">Accueil<\/a><\/li>\n<li class=\"menu-item menu-item-type-post_type menu-item-object-page menu-item-1998\"><a href=\"https:\/\/www.a2comlapte.com\/index.php\/a-propos-a2com\/\" class=\"wpr-mobile-menu-item menu-link\">Qui suis-je ?<\/a><\/li>\n<li class=\"menu-item menu-item-type-post_type menu-item-object-page menu-item-2043\"><a href=\"https:\/\/www.a2comlapte.com\/index.php\/tous-les-services-d-a2com\/\" class=\"wpr-mobile-menu-item menu-link\">Tous les services<\/a><\/li>\n<li class=\"menu-item menu-item-type-post_type menu-item-object-page menu-item-has-children menu-item-3531\"><a href=\"https:\/\/www.a2comlapte.com\/index.php\/realistations\/\" class=\"wpr-mobile-menu-item menu-link\">R\u00e9alistations<\/a>\n<ul class=\"sub-menu wpr-sub-menu\">\n\t<li class=\"menu-item menu-item-type-post_type menu-item-object-page menu-item-2392\"><a href=\"https:\/\/www.a2comlapte.com\/index.php\/logo\/\" class=\"wpr-mobile-sub-menu-item menu-link\">Logos<\/a><\/li>\n\t<li class=\"menu-item menu-item-type-post_type menu-item-object-page menu-item-2336\"><a href=\"https:\/\/www.a2comlapte.com\/index.php\/carte-de-visite\/\" class=\"wpr-mobile-sub-menu-item menu-link\">Carte de visite<\/a><\/li>\n\t<li class=\"menu-item menu-item-type-post_type menu-item-object-page menu-item-2423\"><a href=\"https:\/\/www.a2comlapte.com\/index.php\/affiches\/\" class=\"wpr-mobile-sub-menu-item menu-link\">Affiches<\/a><\/li>\n\t<li class=\"menu-item menu-item-type-post_type menu-item-object-page menu-item-2455\"><a href=\"https:\/\/www.a2comlapte.com\/index.php\/panneaux\/\" class=\"wpr-mobile-sub-menu-item menu-link\">Panneaux<\/a><\/li>\n\t<li class=\"menu-item menu-item-type-post_type menu-item-object-page menu-item-2355\"><a href=\"https:\/\/www.a2comlapte.com\/index.php\/flyers\/\" class=\"wpr-mobile-sub-menu-item menu-link\">Flyers<\/a><\/li>\n\t<li class=\"menu-item menu-item-type-post_type menu-item-object-page menu-item-2368\"><a href=\"https:\/\/www.a2comlapte.com\/index.php\/brochures\/\" class=\"wpr-mobile-sub-menu-item menu-link\">Brochures<\/a><\/li>\n\t<li class=\"menu-item menu-item-type-post_type menu-item-object-page menu-item-2379\"><a href=\"https:\/\/www.a2comlapte.com\/index.php\/textiles\/\" class=\"wpr-mobile-sub-menu-item menu-link\">Textiles<\/a><\/li>\n\t<li class=\"menu-item menu-item-type-post_type menu-item-object-page menu-item-2484\"><a href=\"https:\/\/www.a2comlapte.com\/index.php\/goodies\/\" class=\"wpr-mobile-sub-menu-item menu-link\">Objets Pub<\/a><\/li>\n\t<li class=\"menu-item menu-item-type-post_type menu-item-object-page menu-item-2475\"><a href=\"https:\/\/www.a2comlapte.com\/index.php\/marquage-de-vehicules\/\" class=\"wpr-mobile-sub-menu-item menu-link\">Marquage de v\u00e9hicules<\/a><\/li>\n<\/ul>\n<\/li>\n<li class=\"menu-item menu-item-type-post_type menu-item-object-page menu-item-2000\"><a href=\"https:\/\/www.a2comlapte.com\/index.php\/a2com-clients\/\" class=\"wpr-mobile-menu-item menu-link\">Clients<\/a><\/li>\n<li class=\"menu-item menu-item-type-post_type menu-item-object-page menu-item-1999\"><a href=\"https:\/\/www.a2comlapte.com\/index.php\/contact-2\/\" class=\"wpr-mobile-menu-item menu-link\">Contact<\/a><\/li>\n<\/ul><\/nav>\t\t\t\t<\/div>\n\t\t\t\t<\/div>\n\t\t\t\t\t<\/div>\n\t\t<\/div>\n\t\t\t\t\t<\/div>\n\t\t<\/section>\n\t\t\t\t<section class=\"elementor-section elementor-top-section elementor-element elementor-element-a289485 elementor-section-boxed elementor-section-height-default elementor-section-height-default wpr-particle-no wpr-jarallax-no wpr-parallax-no wpr-sticky-section-no wpr-equal-height-no\" data-id=\"a289485\" data-element_type=\"section\" data-e-type=\"section\" data-settings=\"{&quot;background_background&quot;:&quot;classic&quot;}\">\n\t\t\t\t\t\t<div class=\"elementor-container elementor-column-gap-wide\">\n\t\t\t\t\t<div class=\"elementor-column elementor-col-50 elementor-top-column elementor-element elementor-element-b4f6b1c\" data-id=\"b4f6b1c\" data-element_type=\"column\" data-e-type=\"column\">\n\t\t\t<div class=\"elementor-widget-wrap elementor-element-populated\">\n\t\t\t\t\t\t<div class=\"elementor-element elementor-element-aa57bf7 elementor-widget-divider--view-line elementor-widget elementor-widget-divider\" data-id=\"aa57bf7\" data-element_type=\"widget\" data-e-type=\"widget\" data-widget_type=\"divider.default\">\n\t\t\t\t<div class=\"elementor-widget-container\">\n\t\t\t\t\t\t\t<div class=\"elementor-divider\">\n\t\t\t<span class=\"elementor-divider-separator\">\n\t\t\t\t\t\t<\/span>\n\t\t<\/div>\n\t\t\t\t\t\t<\/div>\n\t\t\t\t<\/div>\n\t\t\t\t<div class=\"elementor-element elementor-element-bb400d4 elementor-widget elementor-widget-heading\" data-id=\"bb400d4\" data-element_type=\"widget\" data-e-type=\"widget\" data-widget_type=\"heading.default\">\n\t\t\t\t<div class=\"elementor-widget-container\">\n\t\t\t\t\t<h1 class=\"elementor-heading-title elementor-size-default\">Contact<\/h1>\t\t\t\t<\/div>\n\t\t\t\t<\/div>\n\t\t\t\t<div class=\"elementor-element elementor-element-b0a3b4b elementor-widget elementor-widget-text-editor\" data-id=\"b0a3b4b\" data-element_type=\"widget\" data-e-type=\"widget\" data-widget_type=\"text-editor.default\">\n\t\t\t\t<div class=\"elementor-widget-container\">\n\t\t\t\t\t\t\t\t\t<p>Verne, 38 Place de l&rsquo;\u00e9glise\u00a0<br \/>43200 Lapte<\/p>\t\t\t\t\t\t\t\t<\/div>\n\t\t\t\t<\/div>\n\t\t\t\t<div class=\"elementor-element elementor-element-df6bf95 elementor-widget elementor-widget-text-editor\" data-id=\"df6bf95\" data-element_type=\"widget\" data-e-type=\"widget\" data-widget_type=\"text-editor.default\">\n\t\t\t\t<div class=\"elementor-widget-container\">\n\t\t\t\t\t\t\t\t\t<p>Tel: <a href=\"https:\/\/www.google.fr\/search?q=a2com+lapte&amp;source=hp&amp;ei=iQtAY9-lIpGIur4P9MKNaA&amp;iflsig=AJiK0e8AAAAAY0AZmWuJ6qdHU65B0MDstqbxXpX7WsbT&amp;ved=0ahUKEwifjq-AgM76AhURhM4BHXRhAw0Q4dUDCAc&amp;uact=5&amp;oq=a2com+lapte&amp;gs_lcp=Cgdnd3Mtd2l6EAMyBQghEKABMgUIIRCgAToRCC4QgAQQsQMQgwEQxwEQ0QM6CAguELEDEIMBOgsIABCABBCxAxCDAToICAAQgAQQsQM6CwguEIAEELEDEIMBOgUIABCABDoOCC4QsQMQgwEQxwEQrwE6DgguEIAEELEDEMcBENEDOgsILhCABBDHARCvAToNCC4QgAQQxwEQrwEQCjoHCAAQgAQQCjoGCAAQHhAWUABYvRZgkRtoAHAAeACAAV6IAd4FkgECMTGYAQCgAQE&amp;sclient=gws-wiz#\" data-dtype=\"d3ph\" data-local-attribute=\"d3ph\" data-ved=\"2ahUKEwi5_tOCgM76AhXFhM4BHT2BAyEQkAgoAHoECFEQAw\"><span aria-label=\"Appeler le 06 33 05 60 60\">06 33 05 60 60<\/span><\/a><\/p>\t\t\t\t\t\t\t\t<\/div>\n\t\t\t\t<\/div>\n\t\t\t\t<div class=\"elementor-element elementor-element-7efc38e elementor-widget elementor-widget-text-editor\" data-id=\"7efc38e\" data-element_type=\"widget\" data-e-type=\"widget\" data-widget_type=\"text-editor.default\">\n\t\t\t\t<div class=\"elementor-widget-container\">\n\t\t\t\t\t\t\t\t\t<p>adeline.a2com@gmail.com<\/p>\t\t\t\t\t\t\t\t<\/div>\n\t\t\t\t<\/div>\n\t\t\t\t\t<\/div>\n\t\t<\/div>\n\t\t\t\t<div class=\"elementor-column elementor-col-50 elementor-top-column elementor-element elementor-element-cbb5885\" data-id=\"cbb5885\" data-element_type=\"column\" data-e-type=\"column\">\n\t\t\t<div class=\"elementor-widget-wrap elementor-element-populated\">\n\t\t\t\t\t\t<div class=\"elementor-element elementor-element-1325163 elementor-widget elementor-widget-shortcode\" data-id=\"1325163\" data-element_type=\"widget\" data-e-type=\"widget\" data-widget_type=\"shortcode.default\">\n\t\t\t\t<div class=\"elementor-widget-container\">\n\t\t\t\t\t\t\t<div class=\"elementor-shortcode\">\n<div class=\"wpcf7 no-js\" id=\"wpcf7-f2649-o1\" lang=\"fr-FR\" dir=\"ltr\" data-wpcf7-id=\"2649\">\n<div class=\"screen-reader-response\"><p role=\"status\" aria-live=\"polite\" aria-atomic=\"true\"><\/p> <ul><\/ul><\/div>\n<form action=\"\/index.php\/wp-json\/wp\/v2\/pages\/1913#wpcf7-f2649-o1\" method=\"post\" class=\"wpcf7-form init\" aria-label=\"Formulaire de contact\" novalidate=\"novalidate\" data-status=\"init\">\n<fieldset class=\"hidden-fields-container\"><input type=\"hidden\" name=\"_wpcf7\" value=\"2649\" \/><input type=\"hidden\" name=\"_wpcf7_version\" value=\"6.1.5\" \/><input type=\"hidden\" name=\"_wpcf7_locale\" value=\"fr_FR\" \/><input type=\"hidden\" name=\"_wpcf7_unit_tag\" value=\"wpcf7-f2649-o1\" \/><input type=\"hidden\" name=\"_wpcf7_container_post\" value=\"0\" \/><input type=\"hidden\" name=\"_wpcf7_posted_data_hash\" value=\"\" \/>\n<\/fieldset>\n<p><label> Votre nom<br \/>\n<span class=\"wpcf7-form-control-wrap\" data-name=\"your-name\"><input size=\"40\" maxlength=\"400\" class=\"wpcf7-form-control wpcf7-text wpcf7-validates-as-required\" aria-required=\"true\" aria-invalid=\"false\" value=\"\" type=\"text\" name=\"your-name\" \/><\/span> <\/label>\n<\/p>\n<p><label> Votre e-mail<br \/>\n<span class=\"wpcf7-form-control-wrap\" data-name=\"your-email\"><input size=\"40\" maxlength=\"400\" class=\"wpcf7-form-control wpcf7-email wpcf7-validates-as-required wpcf7-text wpcf7-validates-as-email\" aria-required=\"true\" aria-invalid=\"false\" value=\"\" type=\"email\" name=\"your-email\" \/><\/span> <\/label>\n<\/p>\n<p><label> Choisir un option<br \/>\n<span class=\"wpcf7-form-control-wrap\" data-name=\"Apropos\"><select class=\"wpcf7-form-control wpcf7-select wpcf7-validates-as-required\" aria-required=\"true\" aria-invalid=\"false\" name=\"Apropos\"><option value=\"\">&#8212;Veuillez choisir une option&#8212;<\/option><option value=\"Demande de renseignement\">Demande de renseignement<\/option><option value=\"Demande de devis\">Demande de devis<\/option><option value=\"Autre\">Autre<\/option><\/select><\/span><\/label>\n<\/p>\n<p><label> Objet<br \/>\n<span class=\"wpcf7-form-control-wrap\" data-name=\"your-subject\"><input size=\"40\" maxlength=\"400\" class=\"wpcf7-form-control wpcf7-text wpcf7-validates-as-required\" aria-required=\"true\" aria-invalid=\"false\" value=\"\" type=\"text\" name=\"your-subject\" \/><\/span> <\/label>\n<\/p>\n<p><label> Votre message<br \/>\n<span class=\"wpcf7-form-control-wrap\" data-name=\"your-message\"><textarea cols=\"40\" rows=\"10\" maxlength=\"2000\" class=\"wpcf7-form-control wpcf7-textarea wpcf7-validates-as-required\" aria-required=\"true\" aria-invalid=\"false\" name=\"your-message\"><\/textarea><\/span> <\/label>\n<\/p>\n<p><input class=\"wpcf7-form-control wpcf7-submit has-spinner\" type=\"submit\" value=\"Envoyer\" \/>\n<\/p><div class=\"wpcf7-response-output\" aria-hidden=\"true\"><\/div>\n<\/form>\n<\/div>\n<\/div>\n\t\t\t\t\t\t<\/div>\n\t\t\t\t<\/div>\n\t\t\t\t\t<\/div>\n\t\t<\/div>\n\t\t\t\t\t<\/div>\n\t\t<\/section>\n\t\t\t\t<\/div>\n\t\t","protected":false},"excerpt":{"rendered":"<p>Accueil A propos Tous les services R\u00e9alistations Logos Carte de visite Affiches Panneaux Flyers Brochures Textiles Objets Pub Marquage de v\u00e9hicules Clients Contact Accueil A propos Tous les services R\u00e9alistations Logos Carte de visite Affiches Panneaux Flyers Brochures Textiles Objets Pub Marquage de v\u00e9hicules Clients Contact Contact Verne, 38 Place de l&rsquo;\u00e9glise\u00a043200 Lapte Tel: 06 33 05 60 60 adeline.a2com@gmail.com<\/p>\n","protected":false},"author":1,"featured_media":0,"parent":0,"menu_order":0,"comment_status":"closed","ping_status":"closed","template":"elementor_header_footer","meta":{"_uag_custom_page_level_css":"","site-sidebar-layout":"no-sidebar","site-content-layout":"page-builder","ast-site-content-layout":"","site-content-style":"default","site-sidebar-style":"default","ast-global-header-display":"","ast-banner-title-visibility":"","ast-main-header-display":"","ast-hfb-above-header-display":"","ast-hfb-below-header-display":"","ast-hfb-mobile-header-display":"","site-post-title":"disabled","ast-breadcrumbs-content":"","ast-featured-img":"disabled","footer-sml-layout":"","theme-transparent-header-meta":"default","adv-header-id-meta":"","stick-header-meta":"","header-above-stick-meta":"","header-main-stick-meta":"","header-below-stick-meta":"","astra-migrate-meta-layouts":"","footnotes":""},"class_list":["post-1913","page","type-page","status-publish","hentry"],"yoast_head":"<!-- This site is optimized with the Yoast SEO plugin v27.5 - https:\/\/yoast.com\/product\/yoast-seo-wordpress\/ -->\n<title>Contact - A2Com<\/title>\n<meta name=\"robots\" content=\"index, follow, max-snippet:-1, max-image-preview:large, max-video-preview:-1\" \/>\n<link rel=\"canonical\" href=\"https:\/\/www.a2comlapte.com\/index.php\/contact-2\/\" \/>\n<meta property=\"og:locale\" content=\"fr_FR\" \/>\n<meta property=\"og:type\" content=\"article\" \/>\n<meta property=\"og:title\" content=\"Contact - A2Com\" \/>\n<meta property=\"og:description\" content=\"Accueil A propos Tous les services R\u00e9alistations Logos Carte de visite Affiches Panneaux Flyers Brochures Textiles Objets Pub Marquage de v\u00e9hicules Clients Contact Accueil A propos Tous les services R\u00e9alistations Logos Carte de visite Affiches Panneaux Flyers Brochures Textiles Objets Pub Marquage de v\u00e9hicules Clients Contact Contact Verne, 38 Place de l&rsquo;\u00e9glise\u00a043200 Lapte Tel: 06 33 05 60 60 adeline.a2com@gmail.com\" \/>\n<meta property=\"og:url\" content=\"https:\/\/www.a2comlapte.com\/index.php\/contact-2\/\" \/>\n<meta property=\"og:site_name\" content=\"A2Com\" \/>\n<meta property=\"article:publisher\" content=\"https:\/\/www.facebook.com\/a2Comlapte\" \/>\n<meta property=\"article:modified_time\" content=\"2023-08-07T13:18:16+00:00\" \/>\n<meta name=\"twitter:card\" content=\"summary_large_image\" \/>\n<meta name=\"twitter:label1\" content=\"Dur\u00e9e de lecture estim\u00e9e\" \/>\n\t<meta name=\"twitter:data1\" content=\"1 minute\" \/>\n<script type=\"application\/ld+json\" class=\"yoast-schema-graph\">{\"@context\":\"https:\\\/\\\/schema.org\",\"@graph\":[{\"@type\":\"WebPage\",\"@id\":\"https:\\\/\\\/www.a2comlapte.com\\\/index.php\\\/contact-2\\\/\",\"url\":\"https:\\\/\\\/www.a2comlapte.com\\\/index.php\\\/contact-2\\\/\",\"name\":\"Contact - A2Com\",\"isPartOf\":{\"@id\":\"https:\\\/\\\/www.a2comlapte.com\\\/#website\"},\"datePublished\":\"2019-03-21T13:32:59+00:00\",\"dateModified\":\"2023-08-07T13:18:16+00:00\",\"breadcrumb\":{\"@id\":\"https:\\\/\\\/www.a2comlapte.com\\\/index.php\\\/contact-2\\\/#breadcrumb\"},\"inLanguage\":\"fr-FR\",\"potentialAction\":[{\"@type\":\"ReadAction\",\"target\":[\"https:\\\/\\\/www.a2comlapte.com\\\/index.php\\\/contact-2\\\/\"]}]},{\"@type\":\"BreadcrumbList\",\"@id\":\"https:\\\/\\\/www.a2comlapte.com\\\/index.php\\\/contact-2\\\/#breadcrumb\",\"itemListElement\":[{\"@type\":\"ListItem\",\"position\":1,\"name\":\"Accueil\",\"item\":\"https:\\\/\\\/www.a2comlapte.com\\\/\"},{\"@type\":\"ListItem\",\"position\":2,\"name\":\"Contact\"}]},{\"@type\":\"WebSite\",\"@id\":\"https:\\\/\\\/www.a2comlapte.com\\\/#website\",\"url\":\"https:\\\/\\\/www.a2comlapte.com\\\/\",\"name\":\"A2Com\",\"description\":\"\",\"potentialAction\":[{\"@type\":\"SearchAction\",\"target\":{\"@type\":\"EntryPoint\",\"urlTemplate\":\"https:\\\/\\\/www.a2comlapte.com\\\/?s={search_term_string}\"},\"query-input\":{\"@type\":\"PropertyValueSpecification\",\"valueRequired\":true,\"valueName\":\"search_term_string\"}}],\"inLanguage\":\"fr-FR\"}]}<\/script>\n<!-- \/ Yoast SEO plugin. -->","yoast_head_json":{"title":"Contact - A2Com","robots":{"index":"index","follow":"follow","max-snippet":"max-snippet:-1","max-image-preview":"max-image-preview:large","max-video-preview":"max-video-preview:-1"},"canonical":"https:\/\/www.a2comlapte.com\/index.php\/contact-2\/","og_locale":"fr_FR","og_type":"article","og_title":"Contact - A2Com","og_description":"Accueil A propos Tous les services R\u00e9alistations Logos Carte de visite Affiches Panneaux Flyers Brochures Textiles Objets Pub Marquage de v\u00e9hicules Clients Contact Accueil A propos Tous les services R\u00e9alistations Logos Carte de visite Affiches Panneaux Flyers Brochures Textiles Objets Pub Marquage de v\u00e9hicules Clients Contact Contact Verne, 38 Place de l&rsquo;\u00e9glise\u00a043200 Lapte Tel: 06 33 05 60 60 adeline.a2com@gmail.com","og_url":"https:\/\/www.a2comlapte.com\/index.php\/contact-2\/","og_site_name":"A2Com","article_publisher":"https:\/\/www.facebook.com\/a2Comlapte","article_modified_time":"2023-08-07T13:18:16+00:00","twitter_card":"summary_large_image","twitter_misc":{"Dur\u00e9e de lecture estim\u00e9e":"1 minute"},"schema":{"@context":"https:\/\/schema.org","@graph":[{"@type":"WebPage","@id":"https:\/\/www.a2comlapte.com\/index.php\/contact-2\/","url":"https:\/\/www.a2comlapte.com\/index.php\/contact-2\/","name":"Contact - A2Com","isPartOf":{"@id":"https:\/\/www.a2comlapte.com\/#website"},"datePublished":"2019-03-21T13:32:59+00:00","dateModified":"2023-08-07T13:18:16+00:00","breadcrumb":{"@id":"https:\/\/www.a2comlapte.com\/index.php\/contact-2\/#breadcrumb"},"inLanguage":"fr-FR","potentialAction":[{"@type":"ReadAction","target":["https:\/\/www.a2comlapte.com\/index.php\/contact-2\/"]}]},{"@type":"BreadcrumbList","@id":"https:\/\/www.a2comlapte.com\/index.php\/contact-2\/#breadcrumb","itemListElement":[{"@type":"ListItem","position":1,"name":"Accueil","item":"https:\/\/www.a2comlapte.com\/"},{"@type":"ListItem","position":2,"name":"Contact"}]},{"@type":"WebSite","@id":"https:\/\/www.a2comlapte.com\/#website","url":"https:\/\/www.a2comlapte.com\/","name":"A2Com","description":"","potentialAction":[{"@type":"SearchAction","target":{"@type":"EntryPoint","urlTemplate":"https:\/\/www.a2comlapte.com\/?s={search_term_string}"},"query-input":{"@type":"PropertyValueSpecification","valueRequired":true,"valueName":"search_term_string"}}],"inLanguage":"fr-FR"}]}},"uagb_featured_image_src":{"full":false,"thumbnail":false,"medium":false,"medium_large":false,"large":false,"1536x1536":false,"2048x2048":false},"uagb_author_info":{"display_name":"admin9476","author_link":"https:\/\/www.a2comlapte.com\/index.php\/author\/admin9476\/"},"uagb_comment_info":0,"uagb_excerpt":"Accueil A propos Tous les services R\u00e9alistations Logos Carte de visite Affiches Panneaux Flyers Brochures Textiles Objets Pub Marquage de v\u00e9hicules Clients Contact Accueil A propos Tous les services R\u00e9alistations Logos Carte de visite Affiches Panneaux Flyers Brochures Textiles Objets Pub Marquage de v\u00e9hicules Clients Contact Contact Verne, 38 Place de l&rsquo;\u00e9glise\u00a043200 Lapte Tel: 06\u2026","_links":{"self":[{"href":"https:\/\/www.a2comlapte.com\/index.php\/wp-json\/wp\/v2\/pages\/1913","targetHints":{"allow":["GET"]}}],"collection":[{"href":"https:\/\/www.a2comlapte.com\/index.php\/wp-json\/wp\/v2\/pages"}],"about":[{"href":"https:\/\/www.a2comlapte.com\/index.php\/wp-json\/wp\/v2\/types\/page"}],"author":[{"embeddable":true,"href":"https:\/\/www.a2comlapte.com\/index.php\/wp-json\/wp\/v2\/users\/1"}],"replies":[{"embeddable":true,"href":"https:\/\/www.a2comlapte.com\/index.php\/wp-json\/wp\/v2\/comments?post=1913"}],"version-history":[{"count":37,"href":"https:\/\/www.a2comlapte.com\/index.php\/wp-json\/wp\/v2\/pages\/1913\/revisions"}],"predecessor-version":[{"id":3699,"href":"https:\/\/www.a2comlapte.com\/index.php\/wp-json\/wp\/v2\/pages\/1913\/revisions\/3699"}],"wp:attachment":[{"href":"https:\/\/www.a2comlapte.com\/index.php\/wp-json\/wp\/v2\/media?parent=1913"}],"curies":[{"name":"wp","href":"https:\/\/api.w.org\/{rel}","templated":true}]}}